{"id":584,"date":"2024-08-20T17:29:08","date_gmt":"2024-08-20T17:29:08","guid":{"rendered":"https:\/\/www.intellisecsolutions.com\/?page_id=584"},"modified":"2024-09-23T20:55:14","modified_gmt":"2024-09-23T20:55:14","slug":"case-studies","status":"publish","type":"page","link":"https:\/\/www.intellisecsolutions.com\/fr\/case-studies\/","title":{"rendered":"\u00c9tudes de cas"},"content":{"rendered":"<div data-elementor-type=\"wp-page\" data-elementor-id=\"584\" class=\"elementor elementor-584\">\n\t\t\t\t<div class=\"elementor-element elementor-element-90b34ff e-con-full-nospace e-flex e-con e-parent\" data-id=\"90b34ff\" data-element_type=\"container\" data-settings=\"{&quot;content_width&quot;:&quot;full-nospace&quot;}\" data-sticky-container=\"\">\r\n\t\t\t\t<div class=\"elementor-element elementor-element-d3ce255 cms-eptitle-header-transparent-yes cms-eptitle-overlay-1 elementor-widget elementor-widget-cms_page_title\" data-id=\"d3ce255\" data-element_type=\"widget\" data-widget_type=\"cms_page_title.default\">\n\t\t\t\t<div class=\"elementor-widget-container\">\n\t\t\t<div class=\"cms-eptitle-overlay cms-overlay cms-bg-parallax cms-lazy\" style=\"--cms-bg-lazyload:url(https:\/\/www.intellisecsolutions.com\/wp-content\/uploads\/2024\/09\/pexels-fauxels-3184360.jpg);background-image:var(--cms-bg-lazyload-loaded);background-position:top center;\"><div class=\"cms-eptitle-overlay-shadow cms-overlay rtl-flip\"><\/div><\/div>\n<div class=\"cms-eptitle cms-eptitle-2 relative z-top text-center\">\n\t<div class=\"cms-content container text-center d-flex justify-content-center\">\n\t\t<div class=\"cms--content d-flex justify-content-center\">\n\t\t\t<div class=\"cms-small-title pb-10 w-100 text-15 text-uppercase pt-5 text-white ls-06 empty-none\"><\/div>\n\t\t\t<h1 class=\"cms-title lh-11538 text-65 text-tablet-50 text-mobile-30 text-white w-100 empty-none\">\u00c9tudes de cas<\/h1>\n\t\t\t<div class=\"cms-desc pt-20 w-100 text-17 text-white empty-none\"><\/div>\n\t\t\t<div class=\"d-flex align-items-center gap empty-none w-100 pt-35 justify-content-center\" style=\"--cms-gap:30px;--cms-gap-tablet:30px;--cms-gap-mobile:20px;\"><\/div>\n\t\t\t<ul class=\"cms-breadcrumb unstyled text-white text-hover-white justify-content-center\"><li><span class=\"breadcrumb-entry\" >Accueil<\/span><\/li><\/ul>\t\t<\/div>\n\t<\/div>\n<\/div>\t\t<\/div>\n\t\t\t\t<\/div>\n\t\t\t\t<\/div>\r\n\t\t<div class=\"elementor-element elementor-element-c29d178 e-flex e-con-boxed e-con e-parent\" data-id=\"c29d178\" data-element_type=\"container\" data-settings=\"{&quot;content_width&quot;:&quot;boxed&quot;}\" data-sticky-container=\"\">\r\n\t\t\t\t\t<div class=\"e-con-inner\">\r\n\t\t\t\t<div class=\"elementor-element elementor-element-eee39d4 elementor-widget elementor-widget-spacer\" data-id=\"eee39d4\" data-element_type=\"widget\" data-widget_type=\"spacer.default\">\n\t\t\t\t<div class=\"elementor-widget-container\">\n\t\t\t<style>\/*! elementor - v3.23.0 - 05-08-2024 *\/\n.elementor-column .elementor-spacer-inner{height:var(--spacer-size)}.e-con{--container-widget-width:100%}.e-con-inner>.elementor-widget-spacer,.e-con>.elementor-widget-spacer{width:var(--container-widget-width,var(--spacer-size));--align-self:var(--container-widget-align-self,initial);--flex-shrink:0}.e-con-inner>.elementor-widget-spacer>.elementor-widget-container,.e-con>.elementor-widget-spacer>.elementor-widget-container{height:100%;width:100%}.e-con-inner>.elementor-widget-spacer>.elementor-widget-container>.elementor-spacer,.e-con>.elementor-widget-spacer>.elementor-widget-container>.elementor-spacer{height:100%}.e-con-inner>.elementor-widget-spacer>.elementor-widget-container>.elementor-spacer>.elementor-spacer-inner,.e-con>.elementor-widget-spacer>.elementor-widget-container>.elementor-spacer>.elementor-spacer-inner{height:var(--container-widget-height,var(--spacer-size))}.e-con-inner>.elementor-widget-spacer.elementor-widget-empty,.e-con>.elementor-widget-spacer.elementor-widget-empty{position:relative;min-height:22px;min-width:22px}.e-con-inner>.elementor-widget-spacer.elementor-widget-empty .elementor-widget-empty-icon,.e-con>.elementor-widget-spacer.elementor-widget-empty .elementor-widget-empty-icon{position:absolute;top:0;bottom:0;left:0;right:0;margin:auto;padding:0;width:22px;height:22px}<\/style>\t\t<div class=\"elementor-spacer\">\n\t\t\t<div class=\"elementor-spacer-inner\"><\/div>\n\t\t<\/div>\n\t\t\t\t<\/div>\n\t\t\t\t<\/div>\n\t\t\t\t<div class=\"elementor-element elementor-element-79a4f61 elementor-widget elementor-widget-cms_heading\" data-id=\"79a4f61\" data-element_type=\"widget\" data-widget_type=\"cms_heading.default\">\n\t\t\t\t<div class=\"elementor-widget-container\">\n\t\t\t<div class=\"cms-eheading cms-eheading-2 text-start\">\n\t<div class=\"cms-smallheading text-accent mt-n7 pb-10 text-16 font-600 empty-none\">Strat\u00e9gies \u00e9prouv\u00e9es, r\u00e9sultats concrets.<\/div>\n\t<h2 class=\"cms-heading empty-none text-heading lh-1375\">\u00c9tudes de cas<\/h2>\n\t<div class=\"cms-desc pt-20 empty-none text-body\">D\u00e9couvrez comment nous prot\u00e9geons les entreprises de tous les secteurs gr\u00e2ce \u00e0 nos \u00e9tudes de cas d\u00e9taill\u00e9es. Chaque cas illustre notre expertise en mati\u00e8re d'identification, d'att\u00e9nuation et de r\u00e9solution des menaces de cybers\u00e9curit\u00e9. Des attaques par ran\u00e7ongiciel aux menaces internes, nos exemples concrets mettent en lumi\u00e8re les d\u00e9fis rencontr\u00e9s par nos clients et les solutions innovantes que nous d\u00e9ployons pour prot\u00e9ger leurs actifs. Explorez nos r\u00e9ussites et d\u00e9couvrez comment nous pouvons aider votre organisation \u00e0 assurer sa s\u00e9curit\u00e9 dans un monde de plus en plus num\u00e9rique.<br \/>\n<\/div>\n\t<\/div>\t\t<\/div>\n\t\t\t\t<\/div>\n\t\t\t\t\t<\/div>\r\n\t\t\t\t<\/div>\r\n\t\t<div class=\"elementor-element elementor-element-b453ad8 e-flex e-con-boxed e-con e-parent\" data-id=\"b453ad8\" data-element_type=\"container\" data-settings=\"{&quot;content_width&quot;:&quot;boxed&quot;}\" data-sticky-container=\"\">\r\n\t\t\t\t\t<div class=\"e-con-inner\">\r\n\t\t\t\t<div class=\"elementor-element elementor-element-e264f66 cms-swiper-full-full cms-carousel-item-shadow-no elementor-widget elementor-widget-cms_case_carousel\" data-id=\"e264f66\" data-element_type=\"widget\" data-settings=\"{&quot;space_between&quot;:{&quot;unit&quot;:&quot;px&quot;,&quot;size&quot;:40,&quot;sizes&quot;:[]},&quot;space_between_tablet&quot;:{&quot;unit&quot;:&quot;px&quot;,&quot;size&quot;:&quot;&quot;,&quot;sizes&quot;:[]},&quot;space_between_mobile&quot;:{&quot;unit&quot;:&quot;px&quot;,&quot;size&quot;:&quot;&quot;,&quot;sizes&quot;:[]},&quot;autoplay&quot;:&quot;yes&quot;,&quot;pause_on_hover&quot;:&quot;yes&quot;,&quot;pause_on_interaction&quot;:&quot;yes&quot;,&quot;autoplay_speed&quot;:5000,&quot;infinite&quot;:&quot;yes&quot;,&quot;speed&quot;:500,&quot;arrows&quot;:&quot;yes&quot;,&quot;dots&quot;:&quot;yes&quot;,&quot;dots_type&quot;:&quot;bullets&quot;}\" data-widget_type=\"cms_case_carousel.default\">\n\t\t\t\t<div class=\"elementor-widget-container\">\n\t\t\t<div id=\"cms_case_carousel-e264f66\" class=\"cms-post-carousel cms-grid cms-grid-9\">\n    <div class=\"d-flex flex-nowrap flex-tablet-wrap gutter align-items-end justify-content-between pb-50 empty-none\">        <div class=\"flex-auto col-mobile-extra-12 d-flex gap-60 gap-laptop-40 gap-tablet-30 align-items-center justify-content-between\">                <div class=\"cms-carousel-buttons d-flex justify-content-end gap-30\">\n                    <div class=\"cms-carousel-button-hover-circle cms-carousel-button-prev\">\n                        <i class=\"rtl-flip text-15   allianz-icon-left-arrow\" aria-hidden=\"true\"><\/i>                    <\/div>\n                    <div class=\"cms-carousel-button-hover-circle cms-carousel-button-next\">\n                        <i class=\"rtl-flip text-15   allianz-icon-right-arrow\" aria-hidden=\"true\"><\/i>                    <\/div>\n                <\/div>        <\/div>\n            <\/div>\n    <div class=\"cms-carousel swiper\">\n        <div class=\"swiper-wrapper\">\n                        <div class=\"cms-item cms-swiper-item swiper-slide relative cms-hover-icon-bounce item-1\">\n                                    <div class=\"cms--item cms-hover-show-readmore cms-hover-icon-alternate hover-image-zoom-in\">\n                        <div class=\"relative\"><a href=\"https:\/\/www.intellisecsolutions.com\/fr\/cases\/case-3\/\" class=\"cms-post-thumbnail overflow-hidden d-block mb-15\"><img loading=\"lazy\" decoding=\"async\" width=\"570\" height=\"570\" src=\"https:\/\/www.intellisecsolutions.com\/wp-content\/uploads\/elementor\/thumbs\/ai-generated-8165293_1280-qul0tycb10vm44p3r5a5ic3lv91jk67vxtiu7kcv5w.jpg\" alt=\"ai-generated-8165293_1280\" class=\"cms-lazy lazy-loading img-cover swiper-nav-vert\" \/><\/a>                            <a href=\"https:\/\/www.intellisecsolutions.com\/fr\/cases\/case-3\/\" class=\"cms-readmore text-white text-hover-white absolute center zoom-out cms-hover-move-icon-up text-12 circle bg-accent d-flex align-items-center justify-content-center\" title=\"Read More\">            <svg class=\"\" fill=\"currentColor\" fill-hover=\"currentColor\" enable-background=\"new 0 0 64 64\" height=\"512\" viewbox=\"0 0 64 64\" width=\"512\" xmlns=\"http:\/\/www.w3.org\/2000\/svg\">\n                <g class=\"cms-hover-move-1\">\n                    <path d=\"m56 6h-48c-1.104 0-2 .896-2 2s.896 2 2 2h43.171l-44.585 44.586c-.781.781-.781 2.047 0 2.828.391.391.902.586 1.414.586s1.024-.195 1.414-.586l44.586-44.586v43.172c0 1.104.896 2 2 2s2-.896 2-2v-48c0-1.104-.896-2-2-2z\" fill=\"currentColor\"\/>\n                <\/g>\n                <g class=\"cms-hover-move-2\">\n                    <path d=\"m56 6h-48c-1.104 0-2 .896-2 2s.896 2 2 2h43.171l-44.585 44.586c-.781.781-.781 2.047 0 2.828.391.391.902.586 1.414.586s1.024-.195 1.414-.586l44.586-44.586v43.172c0 1.104.896 2 2 2s2-.896 2-2v-48c0-1.104-.896-2-2-2z\" fill=\"currentColor\"\/>\n                <\/g>\n            <\/svg>\n        <\/a>\n                        <\/div><div class=\"post-cat cms-transition d-flex gap-10 text-13 pb-15 text-primary\"><a href=\"https:\/\/www.intellisecsolutions.com\/fr\/case-category\/defense\/\" class=\"cms-term text-primary text-hover-accent\">D\u00e9fense<\/a><\/div>                                                <h5 class=\"post-title text-20 text-line-3 lh-13 font-body font-600 mt-n5\">\n                            <a href=\"https:\/\/www.intellisecsolutions.com\/fr\/cases\/case-3\/\">Agence gouvernementale : Am\u00e9lioration des op\u00e9rations de s\u00e9curit\u00e9 pour une agence gouvernementale avec Microsoft Sentinel SIEM<\/a>\n                        <\/h5>   \n                    <\/div>\n                            <\/div>\n                    <div class=\"cms-item cms-swiper-item swiper-slide relative cms-hover-icon-bounce item-2\">\n                                    <div class=\"cms--item cms-hover-show-readmore cms-hover-icon-alternate hover-image-zoom-in\">\n                        <div class=\"relative\"><a href=\"https:\/\/www.intellisecsolutions.com\/fr\/cases\/case-2\/\" class=\"cms-post-thumbnail overflow-hidden d-block mb-15\"><img loading=\"lazy\" decoding=\"async\" width=\"570\" height=\"570\" src=\"https:\/\/www.intellisecsolutions.com\/wp-content\/uploads\/elementor\/thumbs\/AdobeStock_789121434-scaled-qumqt5sltj8d5zqt2ljb6ar8nvpgv9yfd9paaw4hc4.jpeg\" alt=\"cybersecurity services concept or secure connection of digital privacy closeup and safety lock purple pinkish design - AI Generative\" class=\"cms-lazy lazy-loading img-cover swiper-nav-vert\" \/><\/a>                            <a href=\"https:\/\/www.intellisecsolutions.com\/fr\/cases\/case-2\/\" class=\"cms-readmore text-white text-hover-white absolute center zoom-out cms-hover-move-icon-up text-12 circle bg-accent d-flex align-items-center justify-content-center\" title=\"Read More\">            <svg class=\"\" fill=\"currentColor\" fill-hover=\"currentColor\" enable-background=\"new 0 0 64 64\" height=\"512\" viewbox=\"0 0 64 64\" width=\"512\" xmlns=\"http:\/\/www.w3.org\/2000\/svg\">\n                <g class=\"cms-hover-move-1\">\n                    <path d=\"m56 6h-48c-1.104 0-2 .896-2 2s.896 2 2 2h43.171l-44.585 44.586c-.781.781-.781 2.047 0 2.828.391.391.902.586 1.414.586s1.024-.195 1.414-.586l44.586-44.586v43.172c0 1.104.896 2 2 2s2-.896 2-2v-48c0-1.104-.896-2-2-2z\" fill=\"currentColor\"\/>\n                <\/g>\n                <g class=\"cms-hover-move-2\">\n                    <path d=\"m56 6h-48c-1.104 0-2 .896-2 2s.896 2 2 2h43.171l-44.585 44.586c-.781.781-.781 2.047 0 2.828.391.391.902.586 1.414.586s1.024-.195 1.414-.586l44.586-44.586v43.172c0 1.104.896 2 2 2s2-.896 2-2v-48c0-1.104-.896-2-2-2z\" fill=\"currentColor\"\/>\n                <\/g>\n            <\/svg>\n        <\/a>\n                        <\/div><div class=\"post-cat cms-transition d-flex gap-10 text-13 pb-15 text-primary\"><a href=\"https:\/\/www.intellisecsolutions.com\/fr\/case-category\/defense\/\" class=\"cms-term text-primary text-hover-accent\">D\u00e9fense<\/a><span class=\"separator\">|<\/span><a href=\"https:\/\/www.intellisecsolutions.com\/fr\/case-category\/security-assessment\/\" class=\"cms-term text-primary text-hover-accent\">Security Assessment<\/a><\/div>                                                <h5 class=\"post-title text-20 text-line-3 lh-13 font-body font-600 mt-n5\">\n                            <a href=\"https:\/\/www.intellisecsolutions.com\/fr\/cases\/case-2\/\">Am\u00e9liorer la posture de s\u00e9curit\u00e9 gr\u00e2ce au Purple Teaming pour une soci\u00e9t\u00e9 de logiciels<\/a>\n                        <\/h5>   \n                    <\/div>\n                            <\/div>\n                    <div class=\"cms-item cms-swiper-item swiper-slide relative cms-hover-icon-bounce item-3\">\n                                    <div class=\"cms--item cms-hover-show-readmore cms-hover-icon-alternate hover-image-zoom-in\">\n                        <div class=\"relative\"><a href=\"https:\/\/www.intellisecsolutions.com\/fr\/cases\/comprehensive-security-assessment-for-a-global-medical-product-manufacturer\/\" class=\"cms-post-thumbnail overflow-hidden d-block mb-15\"><img loading=\"lazy\" decoding=\"async\" width=\"570\" height=\"570\" src=\"https:\/\/www.intellisecsolutions.com\/wp-content\/uploads\/elementor\/thumbs\/dna-3539309_1280-qukz3ztaj626tgp2jv4gngys7wfj6f8uf5fmdy83b8.jpg\" alt=\"dna-3539309_1280\" class=\"cms-lazy lazy-loading img-cover swiper-nav-vert\" \/><\/a>                            <a href=\"https:\/\/www.intellisecsolutions.com\/fr\/cases\/comprehensive-security-assessment-for-a-global-medical-product-manufacturer\/\" class=\"cms-readmore text-white text-hover-white absolute center zoom-out cms-hover-move-icon-up text-12 circle bg-accent d-flex align-items-center justify-content-center\" title=\"Read More\">            <svg class=\"\" fill=\"currentColor\" fill-hover=\"currentColor\" enable-background=\"new 0 0 64 64\" height=\"512\" viewbox=\"0 0 64 64\" width=\"512\" xmlns=\"http:\/\/www.w3.org\/2000\/svg\">\n                <g class=\"cms-hover-move-1\">\n                    <path d=\"m56 6h-48c-1.104 0-2 .896-2 2s.896 2 2 2h43.171l-44.585 44.586c-.781.781-.781 2.047 0 2.828.391.391.902.586 1.414.586s1.024-.195 1.414-.586l44.586-44.586v43.172c0 1.104.896 2 2 2s2-.896 2-2v-48c0-1.104-.896-2-2-2z\" fill=\"currentColor\"\/>\n                <\/g>\n                <g class=\"cms-hover-move-2\">\n                    <path d=\"m56 6h-48c-1.104 0-2 .896-2 2s.896 2 2 2h43.171l-44.585 44.586c-.781.781-.781 2.047 0 2.828.391.391.902.586 1.414.586s1.024-.195 1.414-.586l44.586-44.586v43.172c0 1.104.896 2 2 2s2-.896 2-2v-48c0-1.104-.896-2-2-2z\" fill=\"currentColor\"\/>\n                <\/g>\n            <\/svg>\n        <\/a>\n                        <\/div><div class=\"post-cat cms-transition d-flex gap-10 text-13 pb-15 text-primary\"><a href=\"https:\/\/www.intellisecsolutions.com\/fr\/case-category\/security-assessment\/\" class=\"cms-term text-primary text-hover-accent\">Security Assessment<\/a><\/div>                                                <h5 class=\"post-title text-20 text-line-3 lh-13 font-body font-600 mt-n5\">\n                            <a href=\"https:\/\/www.intellisecsolutions.com\/fr\/cases\/comprehensive-security-assessment-for-a-global-medical-product-manufacturer\/\">\u00c9valuation compl\u00e8te de la s\u00e9curit\u00e9 pour un fabricant mondial de produits m\u00e9dicaux<\/a>\n                        <\/h5>   \n                    <\/div>\n                            <\/div>\n                <\/div>\n    <\/div>\n            <div class=\"cms-carousel-dots cms-carousel-dots-bullets justify-content-center\"><\/div>\n    <\/div>\t\t<\/div>\n\t\t\t\t<\/div>\n\t\t\t\t<div class=\"elementor-element elementor-element-1297afe elementor-widget elementor-widget-spacer\" data-id=\"1297afe\" data-element_type=\"widget\" data-widget_type=\"spacer.default\">\n\t\t\t\t<div class=\"elementor-widget-container\">\n\t\t\t\t\t<div class=\"elementor-spacer\">\n\t\t\t<div class=\"elementor-spacer-inner\"><\/div>\n\t\t<\/div>\n\t\t\t\t<\/div>\n\t\t\t\t<\/div>\n\t\t\t\t<div class=\"elementor-element elementor-element-941f42c elementor-widget elementor-widget-cms_cta\" data-id=\"941f42c\" data-element_type=\"widget\" data-widget_type=\"cms_cta.default\">\n\t\t\t\t<div class=\"elementor-widget-container\">\n\t\t\t<div class=\"cms-cta cms-cta-3 text-15 text-start empty-none\">\n\t<h2 class=\"cms-heading cms-title empty-none text-heading pb-20\"><\/h2>\n\t<span class=\"cms-desc text-body empty-none\">Que vous ayez une question, besoin d'assistance ou que vous souhaitiez en savoir plus sur nos services, nous sommes l\u00e0 pour vous aider. Contactez d\u00e8s aujourd'hui notre \u00e9quipe d'experts en cybers\u00e9curit\u00e9 et faites le premier pas vers la s\u00e9curisation de votre entreprise.&nbsp;<\/span>\n\t\t<div class=\"clearfix\"><\/div>\n\t\t\t<a class=\"btn btn-lg btn-accent text-white btn-hover-primary text-hover-white mt-30 cms-hover-move-icon-up\" href=\"https:\/\/www.intellisecsolutions.com\/fr\/2024\/08\/23\/get-in-touch\/\">\n\t\t\tContactez-nous<span class=\"btn-icon text-12 lh-1 pt-2\">            <svg class=\"rtl-flip\" fill=\"currentColor\" fill-hover=\"currentColor\" enable-background=\"new 0 0 64 64\" height=\"512\" viewbox=\"0 0 64 64\" width=\"512\" xmlns=\"http:\/\/www.w3.org\/2000\/svg\">\n                <g class=\"cms-hover-move-1\">\n                    <path d=\"m56 6h-48c-1.104 0-2 .896-2 2s.896 2 2 2h43.171l-44.585 44.586c-.781.781-.781 2.047 0 2.828.391.391.902.586 1.414.586s1.024-.195 1.414-.586l44.586-44.586v43.172c0 1.104.896 2 2 2s2-.896 2-2v-48c0-1.104-.896-2-2-2z\" fill=\"currentColor\"\/>\n                <\/g>\n                <g class=\"cms-hover-move-2\">\n                    <path d=\"m56 6h-48c-1.104 0-2 .896-2 2s.896 2 2 2h43.171l-44.585 44.586c-.781.781-.781 2.047 0 2.828.391.391.902.586 1.414.586s1.024-.195 1.414-.586l44.586-44.586v43.172c0 1.104.896 2 2 2s2-.896 2-2v-48c0-1.104-.896-2-2-2z\" fill=\"currentColor\"\/>\n                <\/g>\n            <\/svg>\n        <\/span>\t\t<\/a>\n\t<\/div>\t\t<\/div>\n\t\t\t\t<\/div>\n\t\t\t\t<div class=\"elementor-element elementor-element-45392d2 elementor-widget elementor-widget-spacer\" data-id=\"45392d2\" data-element_type=\"widget\" data-widget_type=\"spacer.default\">\n\t\t\t\t<div class=\"elementor-widget-container\">\n\t\t\t\t\t<div class=\"elementor-spacer\">\n\t\t\t<div class=\"elementor-spacer-inner\"><\/div>\n\t\t<\/div>\n\t\t\t\t<\/div>\n\t\t\t\t<\/div>\n\t\t\t\t\t<\/div>\r\n\t\t\t\t<\/div>\r\n\t\t\t\t<\/div>","protected":false},"excerpt":{"rendered":"<p>Case Studies Home Proven Strategies, Tangible Results. Case Studies Discover how we safeguard businesses across industries through our detailed case studies. Each case showcases our expertise in identifying, mitigating, and resolving cybersecurity threats. From ransomware attacks to insider threats, our real-world examples highlight the challenges faced by our clients and the innovative solutions we deploy [&hellip;]<\/p>","protected":false},"author":1,"featured_media":0,"parent":0,"menu_order":0,"comment_status":"closed","ping_status":"closed","template":"","meta":{"content-type":"","footnotes":""},"class_list":["post-584","page","type-page","status-publish","hentry"],"_links":{"self":[{"href":"https:\/\/www.intellisecsolutions.com\/fr\/wp-json\/wp\/v2\/pages\/584","targetHints":{"allow":["GET"]}}],"collection":[{"href":"https:\/\/www.intellisecsolutions.com\/fr\/wp-json\/wp\/v2\/pages"}],"about":[{"href":"https:\/\/www.intellisecsolutions.com\/fr\/wp-json\/wp\/v2\/types\/page"}],"author":[{"embeddable":true,"href":"https:\/\/www.intellisecsolutions.com\/fr\/wp-json\/wp\/v2\/users\/1"}],"replies":[{"embeddable":true,"href":"https:\/\/www.intellisecsolutions.com\/fr\/wp-json\/wp\/v2\/comments?post=584"}],"version-history":[{"count":55,"href":"https:\/\/www.intellisecsolutions.com\/fr\/wp-json\/wp\/v2\/pages\/584\/revisions"}],"predecessor-version":[{"id":2583,"href":"https:\/\/www.intellisecsolutions.com\/fr\/wp-json\/wp\/v2\/pages\/584\/revisions\/2583"}],"wp:attachment":[{"href":"https:\/\/www.intellisecsolutions.com\/fr\/wp-json\/wp\/v2\/media?parent=584"}],"curies":[{"name":"wp","href":"https:\/\/api.w.org\/{rel}","templated":true}]}}