{"id":632,"date":"2024-08-20T18:15:43","date_gmt":"2024-08-20T18:15:43","guid":{"rendered":"https:\/\/www.intellisecsolutions.com\/?page_id=632"},"modified":"2024-08-28T18:45:04","modified_gmt":"2024-08-28T18:45:04","slug":"blogs","status":"publish","type":"page","link":"https:\/\/www.intellisecsolutions.com\/fr\/blogs\/","title":{"rendered":"Blogs"},"content":{"rendered":"<div data-elementor-type=\"wp-page\" data-elementor-id=\"632\" class=\"elementor elementor-632\">\n\t\t\t\t<div class=\"elementor-element elementor-element-1eab285 e-con-full-nospace e-flex e-con e-parent\" data-id=\"1eab285\" data-element_type=\"container\" data-settings=\"{&quot;content_width&quot;:&quot;full-nospace&quot;}\" data-sticky-container=\"\">\r\n\t\t\t\t<div class=\"elementor-element elementor-element-b2013a3 cms-eptitle-overlay-1 elementor-widget elementor-widget-cms_page_title\" data-id=\"b2013a3\" data-element_type=\"widget\" data-widget_type=\"cms_page_title.default\">\n\t\t\t\t<div class=\"elementor-widget-container\">\n\t\t\t<div class=\"cms-eptitle-overlay cms-overlay cms-bg-parallax cms-lazy\" style=\"--cms-bg-lazyload:url(https:\/\/www.intellisecsolutions.com\/wp-content\/uploads\/2024\/08\/pexels-galerieb-2244823.jpg);background-image:var(--cms-bg-lazyload-loaded);background-position:top center;\"><div class=\"cms-eptitle-overlay-shadow cms-overlay rtl-flip\"><\/div><\/div>\n<div class=\"cms-eptitle cms-eptitle-1 relative z-top text-center\">\n\t<div class=\"cms-content container text-center d-flex justify-content-center\">\n\t\t<div class=\"cms--content d-flex justify-content-center\">\n\t\t\t<div class=\"cms-small-title pb-10 w-100 text-15 text-uppercase pt-5 text-white ls-06 empty-none\"><\/div>\n\t\t\t<h1 class=\"cms-title lh-11538 text-65 text-tablet-50 text-mobile-30 text-white w-100 empty-none\">Blogs<\/h1>\n\t\t\t<div class=\"cms-desc pt-20 w-100 text-17 text-white empty-none\"><\/div>\n\t\t\t<div class=\"d-flex align-items-center gap empty-none w-100 pt-35 justify-content-center\" style=\"--cms-gap:30px;--cms-gap-tablet:30px;--cms-gap-mobile:20px;\"><\/div>\n\t\t\t<ul class=\"cms-breadcrumb unstyled text-white text-hover-white justify-content-center\"><li><span class=\"breadcrumb-entry\" >Accueil<\/span><\/li><\/ul>\t\t<\/div>\n\t<\/div>\n<\/div>\t\t<\/div>\n\t\t\t\t<\/div>\n\t\t\t\t<\/div>\r\n\t\t<div class=\"elementor-element elementor-element-93eb55c e-flex e-con-boxed e-con e-parent\" data-id=\"93eb55c\" data-element_type=\"container\" data-settings=\"{&quot;content_width&quot;:&quot;boxed&quot;}\" data-sticky-container=\"\">\r\n\t\t\t\t\t<div class=\"e-con-inner\">\r\n\t\t\t\t<div class=\"elementor-element elementor-element-2e618f2 elementor-widget elementor-widget-spacer\" data-id=\"2e618f2\" data-element_type=\"widget\" data-widget_type=\"spacer.default\">\n\t\t\t\t<div class=\"elementor-widget-container\">\n\t\t\t<style>\/*! elementor - v3.23.0 - 05-08-2024 *\/\n.elementor-column .elementor-spacer-inner{height:var(--spacer-size)}.e-con{--container-widget-width:100%}.e-con-inner>.elementor-widget-spacer,.e-con>.elementor-widget-spacer{width:var(--container-widget-width,var(--spacer-size));--align-self:var(--container-widget-align-self,initial);--flex-shrink:0}.e-con-inner>.elementor-widget-spacer>.elementor-widget-container,.e-con>.elementor-widget-spacer>.elementor-widget-container{height:100%;width:100%}.e-con-inner>.elementor-widget-spacer>.elementor-widget-container>.elementor-spacer,.e-con>.elementor-widget-spacer>.elementor-widget-container>.elementor-spacer{height:100%}.e-con-inner>.elementor-widget-spacer>.elementor-widget-container>.elementor-spacer>.elementor-spacer-inner,.e-con>.elementor-widget-spacer>.elementor-widget-container>.elementor-spacer>.elementor-spacer-inner{height:var(--container-widget-height,var(--spacer-size))}.e-con-inner>.elementor-widget-spacer.elementor-widget-empty,.e-con>.elementor-widget-spacer.elementor-widget-empty{position:relative;min-height:22px;min-width:22px}.e-con-inner>.elementor-widget-spacer.elementor-widget-empty .elementor-widget-empty-icon,.e-con>.elementor-widget-spacer.elementor-widget-empty .elementor-widget-empty-icon{position:absolute;top:0;bottom:0;left:0;right:0;margin:auto;padding:0;width:22px;height:22px}<\/style>\t\t<div class=\"elementor-spacer\">\n\t\t\t<div class=\"elementor-spacer-inner\"><\/div>\n\t\t<\/div>\n\t\t\t\t<\/div>\n\t\t\t\t<\/div>\n\t\t\t\t<div class=\"elementor-element elementor-element-9cf0086 elementor-widget elementor-widget-cms_heading\" data-id=\"9cf0086\" data-element_type=\"widget\" data-widget_type=\"cms_heading.default\">\n\t\t\t\t<div class=\"elementor-widget-container\">\n\t\t\t<div class=\"cms-eheading cms-eheading-1 text-start\">\n\t<div class=\"cms-smallheading text-accent pb-10 text-16 font-600 empty-none\">Latest Articles and News<\/div>\n\t<h2 class=\"cms-heading empty-none text-heading lh-1375\">Intellisec Blogs<\/h2>\n<\/div>\t\t<\/div>\n\t\t\t\t<\/div>\n\t\t\t\t<div class=\"elementor-element elementor-element-74bb711 elementor-widget elementor-widget-cms_blog_grid\" data-id=\"74bb711\" data-element_type=\"widget\" data-widget_type=\"cms_blog_grid.default\">\n\t\t\t\t<div class=\"elementor-widget-container\">\n\t\t\t<h2 class=\"cms-heading lh-125 empty-none flex-basic mb-50 mb-mobile-extra-30\"><\/h2>\n<div id=\"cms_blog_grid-74bb711\" class=\"cms-post-grid cms-grid cms-grid-1\" data-layout=\"grid\" data-start-page=\"1\" data-max-pages=\"1\" data-total=\"4\" data-perpage=\"6\" data-next-link=\"\">\n            <div class=\"grid-filter-wrap d-flex justify-content-center\" style=\"--cms-filter-color:primary;--cms-filter-color-hover:accent-regular;\">\n            <span class=\"filter-item active text-primary text-hover-accent-regular text-active-accent-regular cms-hover-underline\" data-filter=\"*\"><span class=\"filter--item\" data-hover=\"All\">All<\/span><\/span>\n                            <span class=\"filter-item text-primary text-hover-accent-regular text-active-accent-regular cms-hover-underline\" data-filter=\"cloud-security|category\">\n                    <span class=\"filter--item\" data-hover=\"Cloud Security\">S\u00e9curit\u00e9 du Cloud<\/span>\n                <\/span>\n                    <\/div>\n    \n    <div class=\"cms-grid-content d-flex gutter flex-col-3 flex-col-tablet-2 flex-col-smobile-1 flex-col-separator-no\">            <div class=\"cms-item hover-image-zoom-in hover-show-excerpt item-1\">\n                                <div class=\"cms--item bg-white cms-shadow-1 cms-hover-shadow-2 cms-transition overflow-hidden\"><a href=\"https:\/\/www.intellisecsolutions.com\/fr\/2024\/08\/28\/protect-against-token-theft-in-microsoft-entra-id\/\" class=\"cms-post-thumbnail overflow-hidden\"><img loading=\"lazy\" decoding=\"async\" width=\"570\" height=\"380\" src=\"https:\/\/www.intellisecsolutions.com\/wp-content\/uploads\/elementor\/thumbs\/ai-generated-8988757_1280-qul0q8v82jrtfz4u603ggrp4s89fryqr5ug07ngbiw.jpg\" alt=\"ai-generated-8988757_1280\" class=\"cms-lazy lazy-loading img-cover swiper-nav-vert\" style=\"max-height:380px\" \/><\/a>                    <div class=\"cms--item-content bg-white p-tb-35 p-lr-50 p-lr-tablet-extra-40 p-lr-mobile-20 relative overflow-hidden cms-transition\">\n                                                <div class=\"cms-post-meta d-flex gap-10 align-items-center text-13 pb-10\"><a href=\"https:\/\/www.intellisecsolutions.com\/fr\/category\/cloud-security\/\" class=\"cms-term text-primary text-hover-primary cms-hover-underline\">S\u00e9curit\u00e9 du Cloud<\/a><\/div>\n                        <div class=\"cms--item--content relative cms-transition pb-50\">\n                                                        <h5 class=\"cms-heading text-20 text-line-3 lh-13 font-body font-600 ls-03\"><a href=\"https:\/\/www.intellisecsolutions.com\/fr\/2024\/08\/28\/protect-against-token-theft-in-microsoft-entra-id\/\">Prot\u00e9gez-vous contre le vol de jetons dans Microsoft Entra ID<\/a><\/h5>\n                                                        <div class=\"post-excerpt absolute top-left w-100 text-line-6 empty-none text-15 cms-transition\">Token generation and authentication in Entra ID involve a sophisticated process designed to secure user identities and control access to resources. Understanding this process is crucial for identifying potential vulnerabilities and implementing safeguards.<\/div>\n                        <\/div>\n                                                <div class=\"post-date text-meta text-14 pt-10\">ao\u00fbt 28, 2024<\/div>\n                                                <a href=\"https:\/\/www.intellisecsolutions.com\/fr\/2024\/08\/28\/protect-against-token-theft-in-microsoft-entra-id\/\" class=\"cms-readmore absolute bottom-right\" title=\"Read More\"><span class=\"allianz-icon-up-right-arrow\"><\/span><\/a>\n                    <\/div>\n                <\/div>\n                            <\/div>\n                    <div class=\"cms-item hover-image-zoom-in hover-show-excerpt item-2\">\n                                <div class=\"cms--item bg-white cms-shadow-1 cms-hover-shadow-2 cms-transition overflow-hidden\"><a href=\"https:\/\/www.intellisecsolutions.com\/fr\/2024\/08\/28\/understanding-microsoft-entra-privileged-identity-management-pim-and-just-in-time-access\/\" class=\"cms-post-thumbnail overflow-hidden\"><img loading=\"lazy\" decoding=\"async\" width=\"570\" height=\"380\" src=\"https:\/\/www.intellisecsolutions.com\/wp-content\/uploads\/elementor\/thumbs\/ai-generated-8602502_1280-qul0fttmbnierk9lzzzbbwc7rhlzgqduqa59q8wehk.jpg\" alt=\"ai-generated-8602502_1280\" class=\"cms-lazy lazy-loading img-cover swiper-nav-vert\" style=\"max-height:380px\" \/><\/a>                    <div class=\"cms--item-content bg-white p-tb-35 p-lr-50 p-lr-tablet-extra-40 p-lr-mobile-20 relative overflow-hidden cms-transition\">\n                                                <div class=\"cms-post-meta d-flex gap-10 align-items-center text-13 pb-10\"><a href=\"https:\/\/www.intellisecsolutions.com\/fr\/category\/cloud-security\/\" class=\"cms-term text-primary text-hover-primary cms-hover-underline\">S\u00e9curit\u00e9 du Cloud<\/a><\/div>\n                        <div class=\"cms--item--content relative cms-transition pb-50\">\n                                                        <h5 class=\"cms-heading text-20 text-line-3 lh-13 font-body font-600 ls-03\"><a href=\"https:\/\/www.intellisecsolutions.com\/fr\/2024\/08\/28\/understanding-microsoft-entra-privileged-identity-management-pim-and-just-in-time-access\/\">Comprendre Microsoft Entra Privileged Identity Management (PIM) et l'acc\u00e8s juste-\u00e0-temps<\/a><\/h5>\n                                                        <div class=\"post-excerpt absolute top-left w-100 text-line-6 empty-none text-15 cms-transition\">Microsoft Entra Privileged Identity Management (PIM) is a feature of Microsoft Entra ID that enables organizations to manage, control, and monitor access to critical resources. By implementing PIM, organizations can significantly reduce the risk of unauthorized access and ensure that&hellip;<\/div>\n                        <\/div>\n                                                <div class=\"post-date text-meta text-14 pt-10\">ao\u00fbt 28, 2024<\/div>\n                                                <a href=\"https:\/\/www.intellisecsolutions.com\/fr\/2024\/08\/28\/understanding-microsoft-entra-privileged-identity-management-pim-and-just-in-time-access\/\" class=\"cms-readmore absolute bottom-right\" title=\"Read More\"><span class=\"allianz-icon-up-right-arrow\"><\/span><\/a>\n                    <\/div>\n                <\/div>\n                            <\/div>\n                    <div class=\"cms-item hover-image-zoom-in hover-show-excerpt item-3\">\n                                <div class=\"cms--item bg-white cms-shadow-1 cms-hover-shadow-2 cms-transition overflow-hidden\"><a href=\"https:\/\/www.intellisecsolutions.com\/fr\/2024\/08\/28\/secure-vm-access-using-azure-bastion\/\" class=\"cms-post-thumbnail overflow-hidden\"><img loading=\"lazy\" decoding=\"async\" width=\"570\" height=\"380\" src=\"https:\/\/www.intellisecsolutions.com\/wp-content\/uploads\/elementor\/thumbs\/ai-generated-8533603_1280-qukzbo5ucgjeralihn33t15a4vjgm8yojishmofwbc.jpg\" alt=\"ai-generated-8533603_1280\" class=\"cms-lazy lazy-loading img-cover swiper-nav-vert\" style=\"max-height:380px\" \/><\/a>                    <div class=\"cms--item-content bg-white p-tb-35 p-lr-50 p-lr-tablet-extra-40 p-lr-mobile-20 relative overflow-hidden cms-transition\">\n                                                <div class=\"cms-post-meta d-flex gap-10 align-items-center text-13 pb-10\"><a href=\"https:\/\/www.intellisecsolutions.com\/fr\/category\/cloud-security\/\" class=\"cms-term text-primary text-hover-primary cms-hover-underline\">S\u00e9curit\u00e9 du Cloud<\/a><\/div>\n                        <div class=\"cms--item--content relative cms-transition pb-50\">\n                                                        <h5 class=\"cms-heading text-20 text-line-3 lh-13 font-body font-600 ls-03\"><a href=\"https:\/\/www.intellisecsolutions.com\/fr\/2024\/08\/28\/secure-vm-access-using-azure-bastion\/\">Acc\u00e8s s\u00e9curis\u00e9 aux machines virtuelles \u00e0 l'aide d'Azure Bastion<\/a><\/h5>\n                                                        <div class=\"post-excerpt absolute top-left w-100 text-line-6 empty-none text-15 cms-transition\">Microsoft Entra Privileged Identity Management (PIM) is a feature of Microsoft Entra ID that enables organizations to manage, control, and monitor access to critical resources. By implementing PIM, organizations can significantly reduce the risk of unauthorized access and ensure that&hellip;<\/div>\n                        <\/div>\n                                                <div class=\"post-date text-meta text-14 pt-10\">ao\u00fbt 28, 2024<\/div>\n                                                <a href=\"https:\/\/www.intellisecsolutions.com\/fr\/2024\/08\/28\/secure-vm-access-using-azure-bastion\/\" class=\"cms-readmore absolute bottom-right\" title=\"Read More\"><span class=\"allianz-icon-up-right-arrow\"><\/span><\/a>\n                    <\/div>\n                <\/div>\n                            <\/div>\n                    <div class=\"cms-item hover-image-zoom-in hover-show-excerpt item-4\">\n                                <div class=\"cms--item bg-white cms-shadow-1 cms-hover-shadow-2 cms-transition overflow-hidden\"><a href=\"https:\/\/www.intellisecsolutions.com\/fr\/2024\/08\/22\/agentless-scanning-using-microsoft-defender-for-cloud\/\" class=\"cms-post-thumbnail overflow-hidden\"><img loading=\"lazy\" decoding=\"async\" width=\"570\" height=\"380\" src=\"https:\/\/www.intellisecsolutions.com\/wp-content\/uploads\/elementor\/thumbs\/artificial-intelligence-8721164_1280-qul0lodgujin07rruizquf7gtss7cxlq78a18887rs.jpg\" alt=\"artificial-intelligence-8721164_1280\" class=\"cms-lazy lazy-loading img-cover swiper-nav-vert\" style=\"max-height:380px\" \/><\/a>                    <div class=\"cms--item-content bg-white p-tb-35 p-lr-50 p-lr-tablet-extra-40 p-lr-mobile-20 relative overflow-hidden cms-transition\">\n                                                <div class=\"cms-post-meta d-flex gap-10 align-items-center text-13 pb-10\"><a href=\"https:\/\/www.intellisecsolutions.com\/fr\/category\/cloud-security\/\" class=\"cms-term text-primary text-hover-primary cms-hover-underline\">S\u00e9curit\u00e9 du Cloud<\/a><\/div>\n                        <div class=\"cms--item--content relative cms-transition pb-50\">\n                                                        <h5 class=\"cms-heading text-20 text-line-3 lh-13 font-body font-600 ls-03\"><a href=\"https:\/\/www.intellisecsolutions.com\/fr\/2024\/08\/22\/agentless-scanning-using-microsoft-defender-for-cloud\/\">Analyse sans agent \u00e0 l'aide de Microsoft Defender pour Cloud<\/a><\/h5>\n                                                        <div class=\"post-excerpt absolute top-left w-100 text-line-6 empty-none text-15 cms-transition\">To fully grasp the concept of agentless scanning in Microsoft Defender for Cloud, it\u2019s essential to delve into a few key questions that will shed light on this innovative feature. Firstly, what exactly is agentless scanning? Understanding this will provide&hellip;<\/div>\n                        <\/div>\n                                                <div class=\"post-date text-meta text-14 pt-10\">ao\u00fbt 22, 2024<\/div>\n                                                <a href=\"https:\/\/www.intellisecsolutions.com\/fr\/2024\/08\/22\/agentless-scanning-using-microsoft-defender-for-cloud\/\" class=\"cms-readmore absolute bottom-right\" title=\"Read More\"><span class=\"allianz-icon-up-right-arrow\"><\/span><\/a>\n                    <\/div>\n                <\/div>\n                            <\/div>\n        <\/div>\n            <div class=\"cms-grid-pagination\" data-loadmore=\"{&quot;posttype&quot;:&quot;post&quot;,&quot;taxonomy&quot;:&quot;category&quot;,&quot;startPage&quot;:1,&quot;maxPages&quot;:1,&quot;total&quot;:4,&quot;perpage&quot;:6,&quot;nextLink&quot;:&quot;&quot;,&quot;pagination_type&quot;:&quot;pagination&quot;,&quot;layout&quot;:&quot;1&quot;,&quot;source&quot;:[&quot;cloud-security|category&quot;],&quot;orderby&quot;:&quot;date&quot;,&quot;order&quot;:&quot;desc&quot;,&quot;limit&quot;:6,&quot;thumbnail_size&quot;:&quot;custom&quot;,&quot;thumbnail_custom_dimension&quot;:{&quot;width&quot;:570,&quot;height&quot;:380},&quot;num_words&quot;:40,&quot;readmore_text&quot;:&quot;Read More&quot;,&quot;item_class&quot;:&quot;hover-image-zoom-in hover-show-excerpt&quot;}\"\n             data-query=\"{&quot;post_type&quot;:&quot;post&quot;,&quot;post_status&quot;:&quot;publish&quot;,&quot;posts_per_page&quot;:6,&quot;order&quot;:&quot;desc&quot;,&quot;orderby&quot;:&quot;date&quot;,&quot;tax_query&quot;:{&quot;relation&quot;:&quot;OR&quot;,&quot;0&quot;:{&quot;taxonomy&quot;:&quot;category&quot;,&quot;field&quot;:&quot;slug&quot;,&quot;operator&quot;:&quot;IN&quot;,&quot;terms&quot;:[&quot;cloud-security&quot;]}},&quot;post__not_in&quot;:[632]}\"><\/div>\n    <\/div>\n\t\t<\/div>\n\t\t\t\t<\/div>\n\t\t\t\t\t<\/div>\r\n\t\t\t\t<\/div>\r\n\t\t<div class=\"elementor-element elementor-element-58ee23d e-con-full-nospace e-flex e-con e-parent\" data-id=\"58ee23d\" data-element_type=\"container\" data-settings=\"{&quot;content_width&quot;:&quot;full-nospace&quot;}\" data-sticky-container=\"\">\r\n\t\t\t\t<div class=\"elementor-element elementor-element-cfa7ff0 elementor-widget elementor-widget-spacer\" data-id=\"cfa7ff0\" data-element_type=\"widget\" data-widget_type=\"spacer.default\">\n\t\t\t\t<div class=\"elementor-widget-container\">\n\t\t\t\t\t<div class=\"elementor-spacer\">\n\t\t\t<div class=\"elementor-spacer-inner\"><\/div>\n\t\t<\/div>\n\t\t\t\t<\/div>\n\t\t\t\t<\/div>\n\t\t\t\t<div class=\"elementor-element elementor-element-17f43ea elementor-widget elementor-widget-spacer\" data-id=\"17f43ea\" data-element_type=\"widget\" data-widget_type=\"spacer.default\">\n\t\t\t\t<div class=\"elementor-widget-container\">\n\t\t\t\t\t<div class=\"elementor-spacer\">\n\t\t\t<div class=\"elementor-spacer-inner\"><\/div>\n\t\t<\/div>\n\t\t\t\t<\/div>\n\t\t\t\t<\/div>\n\t\t\t\t<div class=\"elementor-element elementor-element-98be753 elementor-widget elementor-widget-cms_contact_form\" data-id=\"98be753\" data-element_type=\"widget\" data-widget_type=\"cms_contact_form.default\">\n\t\t\t\t<div class=\"elementor-widget-container\">\n\t\t\t<div class=\"cms-ecf7 cms-ecf7-3 cms-ecf7-fields2 d-flex gutter-0 cms-hover-icon-alternate cms-bg-img cms-bg-cover p-110 p-lr-tablet-50 p-lr-mobile-20\">\n\t<div class=\"col-5 col-mobile-extra-12\">\n\t\t<div class=\"relative cms-gradient-accent-bt2 cms-radius-8 text-white h-100 p-50 pl-tablet-20 pl-mobile-extra-50 p-lr-smobile-20 mr-n20 mr-mobile-extra-n0\" style=\"background-image:url(https:\/\/www.intellisecsolutions.com\/wp-content\/uploads\/2024\/08\/pexels-marc-onana-3543795-5823946.jpg); background-repeat:no-repeat; background-position: center; background-size:cover;\">\n\t\t\t<div class=\"cms-gradient-render mr-n20 mr-mobile-extra-n0\"><\/div>\n\t\t\t<div class=\"relative z-top h-100 d-flex justify-content-between flex-column\">\n\t\t\t\t<div class=\"text-end mb-25 mt-n15 text-160 text-white text-hover-white allianz-icon-arrow-right-up\" aria-hidden=\"true\"><\/div>\t\t\t\t<div class=\"align-self-end\">\n\t\t\t\t\t<h2 class=\"cms-banner-title text-white lh-1375\">Obtenez des conseils d'experts<\/h2>\n\t\t\t\t\t<div class=\"cms-banner-desc pt-20\">Connect with Our Cybersecurity Specialists Today!<\/div>\n\t\t\t\t\t<div class=\"cms-banner-features pt-25 mb-n20\">\t\t\t\t\t\t<div class=\"feature-item font-600 d-flex gap-20\">\n\t\t\t\t\t\t\t<span class=\"cmsi cmsi-check pt-5\"><\/span>\n\t\t\t\t\t\t\t<span class=\"flex-basic\">Expertise de confiance<\/span>\n\t\t\t\t\t\t<\/div>\n\t\t\t\t\t\t\t\t\t\t\t<div class=\"feature-item font-600 d-flex gap-20\">\n\t\t\t\t\t\t\t<span class=\"cmsi cmsi-check pt-5\"><\/span>\n\t\t\t\t\t\t\t<span class=\"flex-basic\">Ax\u00e9 sur le client<\/span>\n\t\t\t\t\t\t<\/div>\n\t\t\t\t\t\t\t\t\t\t\t<div class=\"feature-item font-600 d-flex gap-20\">\n\t\t\t\t\t\t\t<span class=\"cmsi cmsi-check pt-5\"><\/span>\n\t\t\t\t\t\t\t<span class=\"flex-basic\">Communication transparente<\/span>\n\t\t\t\t\t\t<\/div>\n\t\t\t\t\t<\/div>\n\t\t\t\t<\/div>\n\t\t\t<\/div>\n\t\t<\/div>\n\t<\/div>\n\t<div class=\"col-7 col-mobile-extra-12 z-top\">\n\t\t<div class=\"bg-white cms-shadow-2 cms-radius-8 p-50 p-lr-smobile-20 ml-20 ml-mobile-extra-0\">\n\t\t\t<h2 class=\"cms-title cms-heading text-40 text-smobile-30 text-heading mb-15 empty-none bg- d-flex gap-10\">Contactez-nous<\/h2>\n\t\t\t<div class=\"cms-desc text-heading text-26 font-600 lh-13077 mt-n7 pb-40 empty-none\"><\/div>\n\t\t\t\n<div class=\"wpcf7 no-js\" id=\"wpcf7-f675-o1\" lang=\"en-US\" dir=\"ltr\">\n<div class=\"screen-reader-response\"><p role=\"status\" aria-live=\"polite\" aria-atomic=\"true\"><\/p> <ul><\/ul><\/div>\n<form action=\"\/fr\/wp-json\/wp\/v2\/pages\/632#wpcf7-f675-o1\" method=\"post\" class=\"wpcf7-form init\" aria-label=\"Contact form\" novalidate=\"novalidate\" data-status=\"init\" data-trp-original-action=\"\/fr\/wp-json\/wp\/v2\/pages\/632#wpcf7-f675-o1\">\n<div style=\"display: none;\">\n<input type=\"hidden\" name=\"_wpcf7\" value=\"675\" \/>\n<input type=\"hidden\" name=\"_wpcf7_version\" value=\"5.9.8\" \/>\n<input type=\"hidden\" name=\"_wpcf7_locale\" value=\"en_US\" \/>\n<input type=\"hidden\" name=\"_wpcf7_unit_tag\" value=\"wpcf7-f675-o1\" \/>\n<input type=\"hidden\" name=\"_wpcf7_container_post\" value=\"0\" \/>\n<input type=\"hidden\" name=\"_wpcf7_posted_data_hash\" value=\"\" \/>\n<input type=\"hidden\" name=\"_wpcf7_recaptcha_response\" value=\"\" \/>\n<\/div>\n<label> Votre nom\n    <span class=\"wpcf7-form-control-wrap\" data-name=\"your-name\"><input size=\"40\" maxlength=\"400\" class=\"wpcf7-form-control wpcf7-text wpcf7-validates-as-required\" autocomplete=\"name\" aria-required=\"true\" aria-invalid=\"false\" value=\"\" type=\"text\" name=\"your-name\" \/><\/span> <\/label>\n\n<label> Votre email\n    <span class=\"wpcf7-form-control-wrap\" data-name=\"your-email\"><input size=\"40\" maxlength=\"400\" class=\"wpcf7-form-control wpcf7-email wpcf7-validates-as-required wpcf7-text wpcf7-validates-as-email\" autocomplete=\"email\" aria-required=\"true\" aria-invalid=\"false\" value=\"\" type=\"email\" name=\"your-email\" \/><\/span> <\/label>\n\n<label> Sujet\n    <span class=\"wpcf7-form-control-wrap\" data-name=\"your-subject\"><input size=\"40\" maxlength=\"400\" class=\"wpcf7-form-control wpcf7-text wpcf7-validates-as-required\" aria-required=\"true\" aria-invalid=\"false\" value=\"\" type=\"text\" name=\"your-subject\" \/><\/span> <\/label>\n\n<label> Votre message (optionnel)\n    <span class=\"wpcf7-form-control-wrap\" data-name=\"your-message\"><textarea cols=\"40\" rows=\"10\" maxlength=\"2000\" class=\"wpcf7-form-control wpcf7-textarea\" aria-invalid=\"false\" name=\"your-message\"><\/textarea><\/span> <\/label>\n\n<button class=\"wpcf7-form-control wpcf7-submit\" type=\"submit\">Soumettre<\/button><p style=\"display: none !important;\" class=\"akismet-fields-container\" data-prefix=\"_wpcf7_ak_\"><label>&#916;<textarea name=\"_wpcf7_ak_hp_textarea\" cols=\"45\" rows=\"8\" maxlength=\"100\"><\/textarea><\/label><input type=\"hidden\" id=\"ak_js_1\" name=\"_wpcf7_ak_js\" value=\"247\"\/><script>document.getElementById( \"ak_js_1\" ).setAttribute( \"value\", ( new Date() ).getTime() );<\/script><\/p><div class=\"wpcf7-response-output\" aria-hidden=\"true\"><\/div>\n<input type=\"hidden\" name=\"trp-form-language\" value=\"fr\"\/><\/form>\n<\/div>\n\t\t\t<div class=\"cms-note pt-30 font-italic text-body empty-none\"><\/div>\n\t\t<\/div>\n\t<\/div>\n<\/div>\t\t<\/div>\n\t\t\t\t<\/div>\n\t\t\t\t<\/div>\r\n\t\t\t\t<\/div>","protected":false},"excerpt":{"rendered":"<p>Blogs Home Latest Articles and News Intellisec Blogs All Cloud Security Cloud Security Protect against token theft in Microsoft Entra ID August 28, 2024 Cloud Security Understanding Microsoft Entra Privileged Identity Management (PIM) and Just-In-Time Access August 28, 2024 Cloud Security Secure VM Access using Azure Bastion August 28, 2024 Cloud Security Agentless scanning using [&hellip;]<\/p>","protected":false},"author":1,"featured_media":0,"parent":0,"menu_order":0,"comment_status":"closed","ping_status":"closed","template":"elementor_theme","meta":{"content-type":"","footnotes":""},"class_list":["post-632","page","type-page","status-publish","hentry"],"_links":{"self":[{"href":"https:\/\/www.intellisecsolutions.com\/fr\/wp-json\/wp\/v2\/pages\/632","targetHints":{"allow":["GET"]}}],"collection":[{"href":"https:\/\/www.intellisecsolutions.com\/fr\/wp-json\/wp\/v2\/pages"}],"about":[{"href":"https:\/\/www.intellisecsolutions.com\/fr\/wp-json\/wp\/v2\/types\/page"}],"author":[{"embeddable":true,"href":"https:\/\/www.intellisecsolutions.com\/fr\/wp-json\/wp\/v2\/users\/1"}],"replies":[{"embeddable":true,"href":"https:\/\/www.intellisecsolutions.com\/fr\/wp-json\/wp\/v2\/comments?post=632"}],"version-history":[{"count":91,"href":"https:\/\/www.intellisecsolutions.com\/fr\/wp-json\/wp\/v2\/pages\/632\/revisions"}],"predecessor-version":[{"id":2117,"href":"https:\/\/www.intellisecsolutions.com\/fr\/wp-json\/wp\/v2\/pages\/632\/revisions\/2117"}],"wp:attachment":[{"href":"https:\/\/www.intellisecsolutions.com\/fr\/wp-json\/wp\/v2\/media?parent=632"}],"curies":[{"name":"wp","href":"https:\/\/api.w.org\/{rel}","templated":true}]}}